{"id":8,"date":"2015-11-04T15:34:42","date_gmt":"2015-11-04T14:34:42","guid":{"rendered":"http:\/\/arteco-electricite.com\/blog\/?page_id=8"},"modified":"2015-11-27T11:37:58","modified_gmt":"2015-11-27T10:37:58","slug":"a-propos","status":"publish","type":"page","link":"https:\/\/arteco-electricite.com\/blog\/a-propos\/","title":{"rendered":"A propos"},"content":{"rendered":"<h2>Qui suis-je ?<\/h2>\n<p>Je suis un entrepreneur ayant plus de vingt-cinq ans d&rsquo;exp\u00e9rience professionnelle qui m&rsquo;ont permis d&rsquo;acqu\u00e9rir une double comp\u00e9tence technique et commerciale. Apr\u00e8s plusieurs ann\u00e9es pass\u00e9es dans le secteur industriel (a\u00e9ronautique, automobile, \u00e9nergie, m\u00e9tallurgie) \u00e0 diff\u00e9rentes fonctions commerciales et manag\u00e9riales, j&rsquo;ai identifi\u00e9 des opportunit\u00e9s dans le secteur du b\u00e2timent. En effet, ce dernier \u00e9volue vers une organisation de type industrielle et est \u00e9galement impact\u00e9 par les transitions \u00e9nerg\u00e9tique et num\u00e9rique. Ce sont les raisons pour lesquelles, j&rsquo;ai fond\u00e9 <strong>ART&rsquo;ECO Electricit\u00e9<\/strong>, en juillet 2010.<\/p>\n<h2>Que fait la soci\u00e9t\u00e9 ?<\/h2>\n<p>ART&rsquo;ECO Electricit\u00e9 est un acteur du secteur du b\u00e2timent bas\u00e9 en Ile-de-France. La soci\u00e9t\u00e9 a comme principales clients des copropri\u00e9t\u00e9s, des particuliers et des entreprises du petit tertiaire.<\/p>\n<p>Les offres de service sont  la r\u00e9novation des installations \u00e9lectriques, le c\u00e2blage de r\u00e9seau informatique (VDI) et la mise en \u0153uvre de syst\u00e8mes li\u00e9s \u00e0 l&rsquo;efficacit\u00e9 \u00e9nerg\u00e9tique, comme la r\u00e9alisation de syst\u00e8mes d&rsquo;\u00e9clairage automatis\u00e9s. ART&rsquo;ECO Electricit\u00e9 d\u00e9veloppe \u00e9galement une offre d&rsquo;instrumentation du b\u00e2timent.<\/p>\n<h2>Pourquoi ce blog ?<\/h2>\n<p>La cr\u00e9ation de ce blog a pour objet de pr\u00e9senter les \u00e9volutions des m\u00e9tiers de l&rsquo;\u00e9lectricit\u00e9 et plus largement, les profondes mutations en cours dans les m\u00e9tiers du b\u00e2timent. Vous pourrez retrouver r\u00e9guli\u00e8rement sur ce blog des articles correspondants aux th\u00e9matiques telles que, les nouveaut\u00e9s dans le domaine de l&rsquo;\u00e9lectricit\u00e9, les probl\u00e9matiques li\u00e9es \u00e0 l&rsquo;efficacit\u00e9 \u00e9nerg\u00e9tique et \u00e0 la transition num\u00e9rique du b\u00e2timent et les mutations \u00e0 l&rsquo;\u0153uvre dans notre fa\u00e7on d&rsquo;utiliser l&rsquo;\u00e9nergie.<\/p>\n<p>Ce blog sera, au sens large, un lieu de communication sur les nouvelles mani\u00e8res d&rsquo;appr\u00e9hender et de vivre dans les b\u00e2timents.<\/p>\n","protected":false},"excerpt":{"rendered":"<p>Qui suis-je ? Je suis un entrepreneur ayant plus de vingt-cinq ans d&rsquo;exp\u00e9rience professionnelle qui m&rsquo;ont permis d&rsquo;acqu\u00e9rir une double comp\u00e9tence technique et commerciale. Apr\u00e8s plusieurs ann\u00e9es pass\u00e9es dans le secteur industriel (a\u00e9ronautique, automobile, \u00e9nergie, m\u00e9tallurgie) \u00e0 diff\u00e9rentes fonctions commerciales et manag\u00e9riales, j&rsquo;ai identifi\u00e9 des opportunit\u00e9s dans le secteur du b\u00e2timent. En effet, ce dernier [&hellip;]<\/p>\n","protected":false},"author":1,"featured_media":0,"parent":0,"menu_order":0,"comment_status":"closed","ping_status":"closed","template":"","meta":[],"yoast_head":"<!-- This site is optimized with the Yoast SEO plugin v19.12 - https:\/\/yoast.com\/wordpress\/plugins\/seo\/ -->\n<title>A propos - Blog ART&#039;ECO Electricit\u00e9<\/title>\n<meta name=\"robots\" content=\"index, follow, max-snippet:-1, max-image-preview:large, max-video-preview:-1\" \/>\n<link rel=\"canonical\" href=\"http:\/\/arteco-electricite.com\/blog\/a-propos\/\" \/>\n<meta property=\"og:locale\" content=\"fr_FR\" \/>\n<meta property=\"og:type\" content=\"article\" \/>\n<meta property=\"og:title\" content=\"A propos - Blog ART&#039;ECO Electricit\u00e9\" \/>\n<meta property=\"og:description\" content=\"Qui suis-je ? Je suis un entrepreneur ayant plus de vingt-cinq ans d&rsquo;exp\u00e9rience professionnelle qui m&rsquo;ont permis d&rsquo;acqu\u00e9rir une double comp\u00e9tence technique et commerciale. Apr\u00e8s plusieurs ann\u00e9es pass\u00e9es dans le secteur industriel (a\u00e9ronautique, automobile, \u00e9nergie, m\u00e9tallurgie) \u00e0 diff\u00e9rentes fonctions commerciales et manag\u00e9riales, j&rsquo;ai identifi\u00e9 des opportunit\u00e9s dans le secteur du b\u00e2timent. En effet, ce dernier [&hellip;]\" \/>\n<meta property=\"og:url\" content=\"http:\/\/arteco-electricite.com\/blog\/a-propos\/\" \/>\n<meta property=\"og:site_name\" content=\"Blog ART&#039;ECO Electricit\u00e9\" \/>\n<meta property=\"article:modified_time\" content=\"2015-11-27T10:37:58+00:00\" \/>\n<meta name=\"twitter:card\" content=\"summary_large_image\" \/>\n<meta name=\"twitter:label1\" content=\"Dur\u00e9e de lecture estim\u00e9e\" \/>\n\t<meta name=\"twitter:data1\" content=\"2 minutes\" \/>\n<script type=\"application\/ld+json\" class=\"yoast-schema-graph\">{\"@context\":\"https:\/\/schema.org\",\"@graph\":[{\"@type\":\"WebPage\",\"@id\":\"http:\/\/arteco-electricite.com\/blog\/a-propos\/\",\"url\":\"http:\/\/arteco-electricite.com\/blog\/a-propos\/\",\"name\":\"A propos - Blog ART&#039;ECO Electricit\u00e9\",\"isPartOf\":{\"@id\":\"https:\/\/arteco-electricite.com\/blog\/#website\"},\"datePublished\":\"2015-11-04T14:34:42+00:00\",\"dateModified\":\"2015-11-27T10:37:58+00:00\",\"breadcrumb\":{\"@id\":\"http:\/\/arteco-electricite.com\/blog\/a-propos\/#breadcrumb\"},\"inLanguage\":\"fr-FR\",\"potentialAction\":[{\"@type\":\"ReadAction\",\"target\":[\"http:\/\/arteco-electricite.com\/blog\/a-propos\/\"]}]},{\"@type\":\"BreadcrumbList\",\"@id\":\"http:\/\/arteco-electricite.com\/blog\/a-propos\/#breadcrumb\",\"itemListElement\":[{\"@type\":\"ListItem\",\"position\":1,\"name\":\"Accueil\",\"item\":\"https:\/\/arteco-electricite.com\/blog\/\"},{\"@type\":\"ListItem\",\"position\":2,\"name\":\"A propos\"}]},{\"@type\":\"WebSite\",\"@id\":\"https:\/\/arteco-electricite.com\/blog\/#website\",\"url\":\"https:\/\/arteco-electricite.com\/blog\/\",\"name\":\"Blog ART&#039;ECO Electricit\u00e9\",\"description\":\"Economie d&#039;\u00e9nergie - gestion \u00e9nergie - domotique\",\"potentialAction\":[{\"@type\":\"SearchAction\",\"target\":{\"@type\":\"EntryPoint\",\"urlTemplate\":\"https:\/\/arteco-electricite.com\/blog\/?s={search_term_string}\"},\"query-input\":\"required name=search_term_string\"}],\"inLanguage\":\"fr-FR\"}]}<\/script>\n<!-- \/ Yoast SEO plugin. -->","yoast_head_json":{"title":"A propos - Blog ART&#039;ECO Electricit\u00e9","robots":{"index":"index","follow":"follow","max-snippet":"max-snippet:-1","max-image-preview":"max-image-preview:large","max-video-preview":"max-video-preview:-1"},"canonical":"http:\/\/arteco-electricite.com\/blog\/a-propos\/","og_locale":"fr_FR","og_type":"article","og_title":"A propos - Blog ART&#039;ECO Electricit\u00e9","og_description":"Qui suis-je ? Je suis un entrepreneur ayant plus de vingt-cinq ans d&rsquo;exp\u00e9rience professionnelle qui m&rsquo;ont permis d&rsquo;acqu\u00e9rir une double comp\u00e9tence technique et commerciale. Apr\u00e8s plusieurs ann\u00e9es pass\u00e9es dans le secteur industriel (a\u00e9ronautique, automobile, \u00e9nergie, m\u00e9tallurgie) \u00e0 diff\u00e9rentes fonctions commerciales et manag\u00e9riales, j&rsquo;ai identifi\u00e9 des opportunit\u00e9s dans le secteur du b\u00e2timent. En effet, ce dernier [&hellip;]","og_url":"http:\/\/arteco-electricite.com\/blog\/a-propos\/","og_site_name":"Blog ART&#039;ECO Electricit\u00e9","article_modified_time":"2015-11-27T10:37:58+00:00","twitter_card":"summary_large_image","twitter_misc":{"Dur\u00e9e de lecture estim\u00e9e":"2 minutes"},"schema":{"@context":"https:\/\/schema.org","@graph":[{"@type":"WebPage","@id":"http:\/\/arteco-electricite.com\/blog\/a-propos\/","url":"http:\/\/arteco-electricite.com\/blog\/a-propos\/","name":"A propos - Blog ART&#039;ECO Electricit\u00e9","isPartOf":{"@id":"https:\/\/arteco-electricite.com\/blog\/#website"},"datePublished":"2015-11-04T14:34:42+00:00","dateModified":"2015-11-27T10:37:58+00:00","breadcrumb":{"@id":"http:\/\/arteco-electricite.com\/blog\/a-propos\/#breadcrumb"},"inLanguage":"fr-FR","potentialAction":[{"@type":"ReadAction","target":["http:\/\/arteco-electricite.com\/blog\/a-propos\/"]}]},{"@type":"BreadcrumbList","@id":"http:\/\/arteco-electricite.com\/blog\/a-propos\/#breadcrumb","itemListElement":[{"@type":"ListItem","position":1,"name":"Accueil","item":"https:\/\/arteco-electricite.com\/blog\/"},{"@type":"ListItem","position":2,"name":"A propos"}]},{"@type":"WebSite","@id":"https:\/\/arteco-electricite.com\/blog\/#website","url":"https:\/\/arteco-electricite.com\/blog\/","name":"Blog ART&#039;ECO Electricit\u00e9","description":"Economie d&#039;\u00e9nergie - gestion \u00e9nergie - domotique","potentialAction":[{"@type":"SearchAction","target":{"@type":"EntryPoint","urlTemplate":"https:\/\/arteco-electricite.com\/blog\/?s={search_term_string}"},"query-input":"required name=search_term_string"}],"inLanguage":"fr-FR"}]}},"_links":{"self":[{"href":"https:\/\/arteco-electricite.com\/blog\/wp-json\/wp\/v2\/pages\/8"}],"collection":[{"href":"https:\/\/arteco-electricite.com\/blog\/wp-json\/wp\/v2\/pages"}],"about":[{"href":"https:\/\/arteco-electricite.com\/blog\/wp-json\/wp\/v2\/types\/page"}],"author":[{"embeddable":true,"href":"https:\/\/arteco-electricite.com\/blog\/wp-json\/wp\/v2\/users\/1"}],"replies":[{"embeddable":true,"href":"https:\/\/arteco-electricite.com\/blog\/wp-json\/wp\/v2\/comments?post=8"}],"version-history":[{"count":0,"href":"https:\/\/arteco-electricite.com\/blog\/wp-json\/wp\/v2\/pages\/8\/revisions"}],"wp:attachment":[{"href":"https:\/\/arteco-electricite.com\/blog\/wp-json\/wp\/v2\/media?parent=8"}],"curies":[{"name":"wp","href":"https:\/\/api.w.org\/{rel}","templated":true}]}}